{"id":219,"date":"2024-01-11T23:02:56","date_gmt":"2024-01-11T22:02:56","guid":{"rendered":"https:\/\/lapetillante-vins.com\/index.php\/a-propos\/"},"modified":"2024-06-13T16:32:12","modified_gmt":"2024-06-13T14:32:12","slug":"a-propos","status":"publish","type":"page","link":"https:\/\/lapetillante-vins.com\/index.php\/bar-a-vin-mobile-bretagne\/a-propos\/","title":{"rendered":"A Propos"},"content":{"rendered":"\n\n\n\n","protected":false},"excerpt":{"rendered":"","protected":false},"author":1,"featured_media":0,"parent":6,"menu_order":0,"comment_status":"closed","ping_status":"closed","template":"full-width","meta":{"saved_in_kubio":true,"footnotes":""},"class_list":["post-219","page","type-page","status-publish","hentry"],"kubio_ai_page_context":{"short_desc":"","purpose":"general"},"yoast_head":"<!-- This site is optimized with the Yoast SEO plugin v27.4 - https:\/\/yoast.com\/product\/yoast-seo-wordpress\/ -->\n<title>A propos - La p\u00e9tillante Wine truck<\/title>\n<meta name=\"description\" content=\"Cave itin\u00e9rante, wine-truck, bar \u00e0 vins pour \u00e9v\u00e8nements. S\u00e9lection de vins de qualit\u00e9, ambiance conviviale digne d\u2019une vraie guinguette !\" \/>\n<meta name=\"robots\" content=\"index, follow, max-snippet:-1, max-image-preview:large, max-video-preview:-1\" \/>\n<link rel=\"canonical\" href=\"https:\/\/lapetillante-vins.com\/index.php\/cave-a-vins\/a-propos\/\" \/>\n<meta property=\"og:locale\" content=\"fr_FR\" \/>\n<meta property=\"og:type\" content=\"article\" \/>\n<meta property=\"og:title\" content=\"A propos - La p\u00e9tillante Wine truck\" \/>\n<meta property=\"og:description\" content=\"Cave itin\u00e9rante, wine-truck, bar \u00e0 vins pour \u00e9v\u00e8nements. S\u00e9lection de vins de qualit\u00e9, ambiance conviviale digne d\u2019une vraie guinguette !\" \/>\n<meta property=\"og:url\" content=\"https:\/\/lapetillante-vins.com\/index.php\/cave-a-vins\/a-propos\/\" \/>\n<meta property=\"og:site_name\" content=\"Bar \u00e0 vin mobile en Bretagne - La P\u00e9tillante\" \/>\n<meta property=\"article:publisher\" content=\"https:\/\/m.facebook.com\/p\/La-Ptillante-Wine-truck-100092720853211\/\" \/>\n<meta property=\"article:modified_time\" content=\"2024-06-13T14:32:12+00:00\" \/>\n<meta property=\"og:image\" content=\"https:\/\/lapetillante-vins.com\/wp-content\/uploads\/2024\/01\/profil-instagram-2.jpg\" \/>\n\t<meta property=\"og:image:width\" content=\"320\" \/>\n\t<meta property=\"og:image:height\" content=\"320\" \/>\n\t<meta property=\"og:image:type\" content=\"image\/jpeg\" \/>\n<meta name=\"twitter:card\" content=\"summary_large_image\" \/>\n<script type=\"application\/ld+json\" class=\"yoast-schema-graph\">{\"@context\":\"https:\\\/\\\/schema.org\",\"@graph\":[{\"@type\":\"WebPage\",\"@id\":\"https:\\\/\\\/lapetillante-vins.com\\\/index.php\\\/cave-a-vins\\\/a-propos\\\/\",\"url\":\"https:\\\/\\\/lapetillante-vins.com\\\/index.php\\\/cave-a-vins\\\/a-propos\\\/\",\"name\":\"A propos - La p\u00e9tillante Wine truck\",\"isPartOf\":{\"@id\":\"https:\\\/\\\/lapetillante-vins.com\\\/#website\"},\"datePublished\":\"2024-01-11T22:02:56+00:00\",\"dateModified\":\"2024-06-13T14:32:12+00:00\",\"description\":\"Cave itin\u00e9rante, wine-truck, bar \u00e0 vins pour \u00e9v\u00e8nements. S\u00e9lection de vins de qualit\u00e9, ambiance conviviale digne d\u2019une vraie guinguette !\",\"breadcrumb\":{\"@id\":\"https:\\\/\\\/lapetillante-vins.com\\\/index.php\\\/cave-a-vins\\\/a-propos\\\/#breadcrumb\"},\"inLanguage\":\"fr-FR\",\"potentialAction\":[{\"@type\":\"ReadAction\",\"target\":[\"https:\\\/\\\/lapetillante-vins.com\\\/index.php\\\/cave-a-vins\\\/a-propos\\\/\"]}]},{\"@type\":\"BreadcrumbList\",\"@id\":\"https:\\\/\\\/lapetillante-vins.com\\\/index.php\\\/cave-a-vins\\\/a-propos\\\/#breadcrumb\",\"itemListElement\":[{\"@type\":\"ListItem\",\"position\":1,\"name\":\"Accueil\",\"item\":\"https:\\\/\\\/lapetillante-vins.com\\\/\"},{\"@type\":\"ListItem\",\"position\":2,\"name\":\"Bar \u00e0 vin mobile en Bretagne | Mariages &#038; \u00e9v\u00e9nements \u2013 La P\u00e9tillante\",\"item\":\"https:\\\/\\\/lapetillante-vins.com\\\/\"},{\"@type\":\"ListItem\",\"position\":3,\"name\":\"A Propos\"}]},{\"@type\":\"WebSite\",\"@id\":\"https:\\\/\\\/lapetillante-vins.com\\\/#website\",\"url\":\"https:\\\/\\\/lapetillante-vins.com\\\/\",\"name\":\"La P\u00e9tillante Wine truck\",\"description\":\"Wine truck, Atelier d\u00e9gustations vins, Privatisation, Guinguette, Bretagne\",\"publisher\":{\"@id\":\"https:\\\/\\\/lapetillante-vins.com\\\/#organization\"},\"potentialAction\":[{\"@type\":\"SearchAction\",\"target\":{\"@type\":\"EntryPoint\",\"urlTemplate\":\"https:\\\/\\\/lapetillante-vins.com\\\/?s={search_term_string}\"},\"query-input\":{\"@type\":\"PropertyValueSpecification\",\"valueRequired\":true,\"valueName\":\"search_term_string\"}}],\"inLanguage\":\"fr-FR\"},{\"@type\":\"Organization\",\"@id\":\"https:\\\/\\\/lapetillante-vins.com\\\/#organization\",\"name\":\"La P\u00e9tillante\",\"url\":\"https:\\\/\\\/lapetillante-vins.com\\\/\",\"logo\":{\"@type\":\"ImageObject\",\"inLanguage\":\"fr-FR\",\"@id\":\"https:\\\/\\\/lapetillante-vins.com\\\/#\\\/schema\\\/logo\\\/image\\\/\",\"url\":\"https:\\\/\\\/lapetillante-vins.com\\\/wp-content\\\/uploads\\\/2024\\\/01\\\/Bouteille-logo-La-Petillante-e1705066441187.png\",\"contentUrl\":\"https:\\\/\\\/lapetillante-vins.com\\\/wp-content\\\/uploads\\\/2024\\\/01\\\/Bouteille-logo-La-Petillante-e1705066441187.png\",\"width\":270,\"height\":1039,\"caption\":\"La P\u00e9tillante\"},\"image\":{\"@id\":\"https:\\\/\\\/lapetillante-vins.com\\\/#\\\/schema\\\/logo\\\/image\\\/\"},\"sameAs\":[\"https:\\\/\\\/m.facebook.com\\\/p\\\/La-Ptillante-Wine-truck-100092720853211\\\/\",\"https:\\\/\\\/www.instagram.com\\\/la.petillante_vins\\\/\"]}]}<\/script>\n<!-- \/ Yoast SEO plugin. -->","yoast_head_json":{"title":"A propos - La p\u00e9tillante Wine truck","description":"Cave itin\u00e9rante, wine-truck, bar \u00e0 vins pour \u00e9v\u00e8nements. S\u00e9lection de vins de qualit\u00e9, ambiance conviviale digne d\u2019une vraie guinguette !","robots":{"index":"index","follow":"follow","max-snippet":"max-snippet:-1","max-image-preview":"max-image-preview:large","max-video-preview":"max-video-preview:-1"},"canonical":"https:\/\/lapetillante-vins.com\/index.php\/cave-a-vins\/a-propos\/","og_locale":"fr_FR","og_type":"article","og_title":"A propos - La p\u00e9tillante Wine truck","og_description":"Cave itin\u00e9rante, wine-truck, bar \u00e0 vins pour \u00e9v\u00e8nements. S\u00e9lection de vins de qualit\u00e9, ambiance conviviale digne d\u2019une vraie guinguette !","og_url":"https:\/\/lapetillante-vins.com\/index.php\/cave-a-vins\/a-propos\/","og_site_name":"Bar \u00e0 vin mobile en Bretagne - La P\u00e9tillante","article_publisher":"https:\/\/m.facebook.com\/p\/La-Ptillante-Wine-truck-100092720853211\/","article_modified_time":"2024-06-13T14:32:12+00:00","og_image":[{"width":320,"height":320,"url":"https:\/\/lapetillante-vins.com\/wp-content\/uploads\/2024\/01\/profil-instagram-2.jpg","type":"image\/jpeg"}],"twitter_card":"summary_large_image","schema":{"@context":"https:\/\/schema.org","@graph":[{"@type":"WebPage","@id":"https:\/\/lapetillante-vins.com\/index.php\/cave-a-vins\/a-propos\/","url":"https:\/\/lapetillante-vins.com\/index.php\/cave-a-vins\/a-propos\/","name":"A propos - La p\u00e9tillante Wine truck","isPartOf":{"@id":"https:\/\/lapetillante-vins.com\/#website"},"datePublished":"2024-01-11T22:02:56+00:00","dateModified":"2024-06-13T14:32:12+00:00","description":"Cave itin\u00e9rante, wine-truck, bar \u00e0 vins pour \u00e9v\u00e8nements. S\u00e9lection de vins de qualit\u00e9, ambiance conviviale digne d\u2019une vraie guinguette !","breadcrumb":{"@id":"https:\/\/lapetillante-vins.com\/index.php\/cave-a-vins\/a-propos\/#breadcrumb"},"inLanguage":"fr-FR","potentialAction":[{"@type":"ReadAction","target":["https:\/\/lapetillante-vins.com\/index.php\/cave-a-vins\/a-propos\/"]}]},{"@type":"BreadcrumbList","@id":"https:\/\/lapetillante-vins.com\/index.php\/cave-a-vins\/a-propos\/#breadcrumb","itemListElement":[{"@type":"ListItem","position":1,"name":"Accueil","item":"https:\/\/lapetillante-vins.com\/"},{"@type":"ListItem","position":2,"name":"Bar \u00e0 vin mobile en Bretagne | Mariages &#038; \u00e9v\u00e9nements \u2013 La P\u00e9tillante","item":"https:\/\/lapetillante-vins.com\/"},{"@type":"ListItem","position":3,"name":"A Propos"}]},{"@type":"WebSite","@id":"https:\/\/lapetillante-vins.com\/#website","url":"https:\/\/lapetillante-vins.com\/","name":"La P\u00e9tillante Wine truck","description":"Wine truck, Atelier d\u00e9gustations vins, Privatisation, Guinguette, Bretagne","publisher":{"@id":"https:\/\/lapetillante-vins.com\/#organization"},"potentialAction":[{"@type":"SearchAction","target":{"@type":"EntryPoint","urlTemplate":"https:\/\/lapetillante-vins.com\/?s={search_term_string}"},"query-input":{"@type":"PropertyValueSpecification","valueRequired":true,"valueName":"search_term_string"}}],"inLanguage":"fr-FR"},{"@type":"Organization","@id":"https:\/\/lapetillante-vins.com\/#organization","name":"La P\u00e9tillante","url":"https:\/\/lapetillante-vins.com\/","logo":{"@type":"ImageObject","inLanguage":"fr-FR","@id":"https:\/\/lapetillante-vins.com\/#\/schema\/logo\/image\/","url":"https:\/\/lapetillante-vins.com\/wp-content\/uploads\/2024\/01\/Bouteille-logo-La-Petillante-e1705066441187.png","contentUrl":"https:\/\/lapetillante-vins.com\/wp-content\/uploads\/2024\/01\/Bouteille-logo-La-Petillante-e1705066441187.png","width":270,"height":1039,"caption":"La P\u00e9tillante"},"image":{"@id":"https:\/\/lapetillante-vins.com\/#\/schema\/logo\/image\/"},"sameAs":["https:\/\/m.facebook.com\/p\/La-Ptillante-Wine-truck-100092720853211\/","https:\/\/www.instagram.com\/la.petillante_vins\/"]}]}},"_links":{"self":[{"href":"https:\/\/lapetillante-vins.com\/index.php\/wp-json\/wp\/v2\/pages\/219","targetHints":{"allow":["GET"]}}],"collection":[{"href":"https:\/\/lapetillante-vins.com\/index.php\/wp-json\/wp\/v2\/pages"}],"about":[{"href":"https:\/\/lapetillante-vins.com\/index.php\/wp-json\/wp\/v2\/types\/page"}],"author":[{"embeddable":true,"href":"https:\/\/lapetillante-vins.com\/index.php\/wp-json\/wp\/v2\/users\/1"}],"replies":[{"embeddable":true,"href":"https:\/\/lapetillante-vins.com\/index.php\/wp-json\/wp\/v2\/comments?post=219"}],"version-history":[{"count":10,"href":"https:\/\/lapetillante-vins.com\/index.php\/wp-json\/wp\/v2\/pages\/219\/revisions"}],"predecessor-version":[{"id":469,"href":"https:\/\/lapetillante-vins.com\/index.php\/wp-json\/wp\/v2\/pages\/219\/revisions\/469"}],"up":[{"embeddable":true,"href":"https:\/\/lapetillante-vins.com\/index.php\/wp-json\/wp\/v2\/pages\/6"}],"wp:attachment":[{"href":"https:\/\/lapetillante-vins.com\/index.php\/wp-json\/wp\/v2\/media?parent=219"}],"curies":[{"name":"wp","href":"https:\/\/api.w.org\/{rel}","templated":true}]}}