{"id":236,"date":"2024-01-12T00:24:30","date_gmt":"2024-01-11T23:24:30","guid":{"rendered":"https:\/\/lapetillante-vins.com\/?page_id=236"},"modified":"2025-02-26T21:16:32","modified_gmt":"2025-02-26T20:16:32","slug":"entreprises-et-team-building","status":"publish","type":"page","link":"https:\/\/lapetillante-vins.com\/index.php\/bar-a-vins-itinerant-et-privatisation-pour-evenements\/entreprises-et-team-building\/","title":{"rendered":"S\u00e9minaires et Team Building"},"content":{"rendered":"\n\n\n\n\n\n\n\n","protected":false},"excerpt":{"rendered":"","protected":false},"author":1,"featured_media":0,"parent":214,"menu_order":0,"comment_status":"closed","ping_status":"closed","template":"full-width","meta":{"saved_in_kubio":true,"footnotes":""},"class_list":["post-236","page","type-page","status-publish","hentry"],"kubio_ai_page_context":{"short_desc":"","purpose":"general"},"yoast_head":"<!-- This site is optimized with the Yoast SEO plugin v27.4 - https:\/\/yoast.com\/product\/yoast-seo-wordpress\/ -->\n<title>Entreprise et team-building - d\u00e9gustation vins<\/title>\n<meta name=\"description\" content=\"Initiation \u00e0 la d\u00e9gustation de vins pour team building et coh\u00e9sion d&#039;\u00e9quipe en entreprise. C\u00f4tes d&#039;armor, Dinan, Saint-Brieuc, Saint-Malo\" \/>\n<meta name=\"robots\" content=\"index, follow, max-snippet:-1, max-image-preview:large, max-video-preview:-1\" \/>\n<link rel=\"canonical\" href=\"https:\/\/lapetillante-vins.com\/index.php\/bar-a-vins-itinerant-et-privatisation-pour-evenements\/entreprises-et-team-building\/\" \/>\n<meta property=\"og:locale\" content=\"fr_FR\" \/>\n<meta property=\"og:type\" content=\"article\" \/>\n<meta property=\"og:title\" content=\"Entreprise et team-building - d\u00e9gustation vins\" \/>\n<meta property=\"og:description\" content=\"Initiation \u00e0 la d\u00e9gustation de vins pour team building et coh\u00e9sion d&#039;\u00e9quipe en entreprise. C\u00f4tes d&#039;armor, Dinan, Saint-Brieuc, Saint-Malo\" \/>\n<meta property=\"og:url\" content=\"https:\/\/lapetillante-vins.com\/index.php\/bar-a-vins-itinerant-et-privatisation-pour-evenements\/entreprises-et-team-building\/\" \/>\n<meta property=\"og:site_name\" content=\"Bar \u00e0 vin mobile en Bretagne - La P\u00e9tillante\" \/>\n<meta property=\"article:publisher\" content=\"https:\/\/m.facebook.com\/p\/La-Ptillante-Wine-truck-100092720853211\/\" \/>\n<meta property=\"article:modified_time\" content=\"2025-02-26T20:16:32+00:00\" \/>\n<meta property=\"og:image\" content=\"https:\/\/lapetillante-vins.com\/wp-content\/uploads\/2024\/05\/b1e0a13a-8369-4049-ac29-d423b82903cd-edited-1024x1024.jpg\" \/>\n<meta name=\"twitter:card\" content=\"summary_large_image\" \/>\n<script type=\"application\/ld+json\" class=\"yoast-schema-graph\">{\"@context\":\"https:\\\/\\\/schema.org\",\"@graph\":[{\"@type\":\"WebPage\",\"@id\":\"https:\\\/\\\/lapetillante-vins.com\\\/index.php\\\/bar-a-vins-itinerant-et-privatisation-pour-evenements\\\/entreprises-et-team-building\\\/\",\"url\":\"https:\\\/\\\/lapetillante-vins.com\\\/index.php\\\/bar-a-vins-itinerant-et-privatisation-pour-evenements\\\/entreprises-et-team-building\\\/\",\"name\":\"Entreprise et team-building - d\u00e9gustation vins\",\"isPartOf\":{\"@id\":\"https:\\\/\\\/lapetillante-vins.com\\\/#website\"},\"primaryImageOfPage\":{\"@id\":\"https:\\\/\\\/lapetillante-vins.com\\\/index.php\\\/bar-a-vins-itinerant-et-privatisation-pour-evenements\\\/entreprises-et-team-building\\\/#primaryimage\"},\"image\":{\"@id\":\"https:\\\/\\\/lapetillante-vins.com\\\/index.php\\\/bar-a-vins-itinerant-et-privatisation-pour-evenements\\\/entreprises-et-team-building\\\/#primaryimage\"},\"thumbnailUrl\":\"https:\\\/\\\/lapetillante-vins.com\\\/wp-content\\\/uploads\\\/2024\\\/05\\\/b1e0a13a-8369-4049-ac29-d423b82903cd-edited-1024x1024.jpg\",\"datePublished\":\"2024-01-11T23:24:30+00:00\",\"dateModified\":\"2025-02-26T20:16:32+00:00\",\"description\":\"Initiation \u00e0 la d\u00e9gustation de vins pour team building et coh\u00e9sion d'\u00e9quipe en entreprise. C\u00f4tes d'armor, Dinan, Saint-Brieuc, Saint-Malo\",\"breadcrumb\":{\"@id\":\"https:\\\/\\\/lapetillante-vins.com\\\/index.php\\\/bar-a-vins-itinerant-et-privatisation-pour-evenements\\\/entreprises-et-team-building\\\/#breadcrumb\"},\"inLanguage\":\"fr-FR\",\"potentialAction\":[{\"@type\":\"ReadAction\",\"target\":[\"https:\\\/\\\/lapetillante-vins.com\\\/index.php\\\/bar-a-vins-itinerant-et-privatisation-pour-evenements\\\/entreprises-et-team-building\\\/\"]}]},{\"@type\":\"ImageObject\",\"inLanguage\":\"fr-FR\",\"@id\":\"https:\\\/\\\/lapetillante-vins.com\\\/index.php\\\/bar-a-vins-itinerant-et-privatisation-pour-evenements\\\/entreprises-et-team-building\\\/#primaryimage\",\"url\":\"https:\\\/\\\/lapetillante-vins.com\\\/wp-content\\\/uploads\\\/2024\\\/05\\\/b1e0a13a-8369-4049-ac29-d423b82903cd-edited.jpg\",\"contentUrl\":\"https:\\\/\\\/lapetillante-vins.com\\\/wp-content\\\/uploads\\\/2024\\\/05\\\/b1e0a13a-8369-4049-ac29-d423b82903cd-edited.jpg\",\"width\":1536,\"height\":1535,\"caption\":\"D\u00e9gustation vin EVJF EVJG Bretagne\"},{\"@type\":\"BreadcrumbList\",\"@id\":\"https:\\\/\\\/lapetillante-vins.com\\\/index.php\\\/bar-a-vins-itinerant-et-privatisation-pour-evenements\\\/entreprises-et-team-building\\\/#breadcrumb\",\"itemListElement\":[{\"@type\":\"ListItem\",\"position\":1,\"name\":\"Accueil\",\"item\":\"https:\\\/\\\/lapetillante-vins.com\\\/\"},{\"@type\":\"ListItem\",\"position\":2,\"name\":\"Privatisation Wine truck pour \u00e9v\u00e9nements\",\"item\":\"https:\\\/\\\/lapetillante-vins.com\\\/index.php\\\/bar-a-vins-itinerant-et-privatisation-pour-evenements\\\/\"},{\"@type\":\"ListItem\",\"position\":3,\"name\":\"S\u00e9minaires et Team Building\"}]},{\"@type\":\"WebSite\",\"@id\":\"https:\\\/\\\/lapetillante-vins.com\\\/#website\",\"url\":\"https:\\\/\\\/lapetillante-vins.com\\\/\",\"name\":\"La P\u00e9tillante Wine truck\",\"description\":\"Wine truck, Atelier d\u00e9gustations vins, Privatisation, Guinguette, Bretagne\",\"publisher\":{\"@id\":\"https:\\\/\\\/lapetillante-vins.com\\\/#organization\"},\"potentialAction\":[{\"@type\":\"SearchAction\",\"target\":{\"@type\":\"EntryPoint\",\"urlTemplate\":\"https:\\\/\\\/lapetillante-vins.com\\\/?s={search_term_string}\"},\"query-input\":{\"@type\":\"PropertyValueSpecification\",\"valueRequired\":true,\"valueName\":\"search_term_string\"}}],\"inLanguage\":\"fr-FR\"},{\"@type\":\"Organization\",\"@id\":\"https:\\\/\\\/lapetillante-vins.com\\\/#organization\",\"name\":\"La P\u00e9tillante\",\"url\":\"https:\\\/\\\/lapetillante-vins.com\\\/\",\"logo\":{\"@type\":\"ImageObject\",\"inLanguage\":\"fr-FR\",\"@id\":\"https:\\\/\\\/lapetillante-vins.com\\\/#\\\/schema\\\/logo\\\/image\\\/\",\"url\":\"https:\\\/\\\/lapetillante-vins.com\\\/wp-content\\\/uploads\\\/2024\\\/01\\\/Bouteille-logo-La-Petillante-e1705066441187.png\",\"contentUrl\":\"https:\\\/\\\/lapetillante-vins.com\\\/wp-content\\\/uploads\\\/2024\\\/01\\\/Bouteille-logo-La-Petillante-e1705066441187.png\",\"width\":270,\"height\":1039,\"caption\":\"La P\u00e9tillante\"},\"image\":{\"@id\":\"https:\\\/\\\/lapetillante-vins.com\\\/#\\\/schema\\\/logo\\\/image\\\/\"},\"sameAs\":[\"https:\\\/\\\/m.facebook.com\\\/p\\\/La-Ptillante-Wine-truck-100092720853211\\\/\",\"https:\\\/\\\/www.instagram.com\\\/la.petillante_vins\\\/\"]}]}<\/script>\n<!-- \/ Yoast SEO plugin. -->","yoast_head_json":{"title":"Entreprise et team-building - d\u00e9gustation vins","description":"Initiation \u00e0 la d\u00e9gustation de vins pour team building et coh\u00e9sion d'\u00e9quipe en entreprise. C\u00f4tes d'armor, Dinan, Saint-Brieuc, Saint-Malo","robots":{"index":"index","follow":"follow","max-snippet":"max-snippet:-1","max-image-preview":"max-image-preview:large","max-video-preview":"max-video-preview:-1"},"canonical":"https:\/\/lapetillante-vins.com\/index.php\/bar-a-vins-itinerant-et-privatisation-pour-evenements\/entreprises-et-team-building\/","og_locale":"fr_FR","og_type":"article","og_title":"Entreprise et team-building - d\u00e9gustation vins","og_description":"Initiation \u00e0 la d\u00e9gustation de vins pour team building et coh\u00e9sion d'\u00e9quipe en entreprise. C\u00f4tes d'armor, Dinan, Saint-Brieuc, Saint-Malo","og_url":"https:\/\/lapetillante-vins.com\/index.php\/bar-a-vins-itinerant-et-privatisation-pour-evenements\/entreprises-et-team-building\/","og_site_name":"Bar \u00e0 vin mobile en Bretagne - La P\u00e9tillante","article_publisher":"https:\/\/m.facebook.com\/p\/La-Ptillante-Wine-truck-100092720853211\/","article_modified_time":"2025-02-26T20:16:32+00:00","og_image":[{"url":"https:\/\/lapetillante-vins.com\/wp-content\/uploads\/2024\/05\/b1e0a13a-8369-4049-ac29-d423b82903cd-edited-1024x1024.jpg","type":"","width":"","height":""}],"twitter_card":"summary_large_image","schema":{"@context":"https:\/\/schema.org","@graph":[{"@type":"WebPage","@id":"https:\/\/lapetillante-vins.com\/index.php\/bar-a-vins-itinerant-et-privatisation-pour-evenements\/entreprises-et-team-building\/","url":"https:\/\/lapetillante-vins.com\/index.php\/bar-a-vins-itinerant-et-privatisation-pour-evenements\/entreprises-et-team-building\/","name":"Entreprise et team-building - d\u00e9gustation vins","isPartOf":{"@id":"https:\/\/lapetillante-vins.com\/#website"},"primaryImageOfPage":{"@id":"https:\/\/lapetillante-vins.com\/index.php\/bar-a-vins-itinerant-et-privatisation-pour-evenements\/entreprises-et-team-building\/#primaryimage"},"image":{"@id":"https:\/\/lapetillante-vins.com\/index.php\/bar-a-vins-itinerant-et-privatisation-pour-evenements\/entreprises-et-team-building\/#primaryimage"},"thumbnailUrl":"https:\/\/lapetillante-vins.com\/wp-content\/uploads\/2024\/05\/b1e0a13a-8369-4049-ac29-d423b82903cd-edited-1024x1024.jpg","datePublished":"2024-01-11T23:24:30+00:00","dateModified":"2025-02-26T20:16:32+00:00","description":"Initiation \u00e0 la d\u00e9gustation de vins pour team building et coh\u00e9sion d'\u00e9quipe en entreprise. C\u00f4tes d'armor, Dinan, Saint-Brieuc, Saint-Malo","breadcrumb":{"@id":"https:\/\/lapetillante-vins.com\/index.php\/bar-a-vins-itinerant-et-privatisation-pour-evenements\/entreprises-et-team-building\/#breadcrumb"},"inLanguage":"fr-FR","potentialAction":[{"@type":"ReadAction","target":["https:\/\/lapetillante-vins.com\/index.php\/bar-a-vins-itinerant-et-privatisation-pour-evenements\/entreprises-et-team-building\/"]}]},{"@type":"ImageObject","inLanguage":"fr-FR","@id":"https:\/\/lapetillante-vins.com\/index.php\/bar-a-vins-itinerant-et-privatisation-pour-evenements\/entreprises-et-team-building\/#primaryimage","url":"https:\/\/lapetillante-vins.com\/wp-content\/uploads\/2024\/05\/b1e0a13a-8369-4049-ac29-d423b82903cd-edited.jpg","contentUrl":"https:\/\/lapetillante-vins.com\/wp-content\/uploads\/2024\/05\/b1e0a13a-8369-4049-ac29-d423b82903cd-edited.jpg","width":1536,"height":1535,"caption":"D\u00e9gustation vin EVJF EVJG Bretagne"},{"@type":"BreadcrumbList","@id":"https:\/\/lapetillante-vins.com\/index.php\/bar-a-vins-itinerant-et-privatisation-pour-evenements\/entreprises-et-team-building\/#breadcrumb","itemListElement":[{"@type":"ListItem","position":1,"name":"Accueil","item":"https:\/\/lapetillante-vins.com\/"},{"@type":"ListItem","position":2,"name":"Privatisation Wine truck pour \u00e9v\u00e9nements","item":"https:\/\/lapetillante-vins.com\/index.php\/bar-a-vins-itinerant-et-privatisation-pour-evenements\/"},{"@type":"ListItem","position":3,"name":"S\u00e9minaires et Team Building"}]},{"@type":"WebSite","@id":"https:\/\/lapetillante-vins.com\/#website","url":"https:\/\/lapetillante-vins.com\/","name":"La P\u00e9tillante Wine truck","description":"Wine truck, Atelier d\u00e9gustations vins, Privatisation, Guinguette, Bretagne","publisher":{"@id":"https:\/\/lapetillante-vins.com\/#organization"},"potentialAction":[{"@type":"SearchAction","target":{"@type":"EntryPoint","urlTemplate":"https:\/\/lapetillante-vins.com\/?s={search_term_string}"},"query-input":{"@type":"PropertyValueSpecification","valueRequired":true,"valueName":"search_term_string"}}],"inLanguage":"fr-FR"},{"@type":"Organization","@id":"https:\/\/lapetillante-vins.com\/#organization","name":"La P\u00e9tillante","url":"https:\/\/lapetillante-vins.com\/","logo":{"@type":"ImageObject","inLanguage":"fr-FR","@id":"https:\/\/lapetillante-vins.com\/#\/schema\/logo\/image\/","url":"https:\/\/lapetillante-vins.com\/wp-content\/uploads\/2024\/01\/Bouteille-logo-La-Petillante-e1705066441187.png","contentUrl":"https:\/\/lapetillante-vins.com\/wp-content\/uploads\/2024\/01\/Bouteille-logo-La-Petillante-e1705066441187.png","width":270,"height":1039,"caption":"La P\u00e9tillante"},"image":{"@id":"https:\/\/lapetillante-vins.com\/#\/schema\/logo\/image\/"},"sameAs":["https:\/\/m.facebook.com\/p\/La-Ptillante-Wine-truck-100092720853211\/","https:\/\/www.instagram.com\/la.petillante_vins\/"]}]}},"_links":{"self":[{"href":"https:\/\/lapetillante-vins.com\/index.php\/wp-json\/wp\/v2\/pages\/236","targetHints":{"allow":["GET"]}}],"collection":[{"href":"https:\/\/lapetillante-vins.com\/index.php\/wp-json\/wp\/v2\/pages"}],"about":[{"href":"https:\/\/lapetillante-vins.com\/index.php\/wp-json\/wp\/v2\/types\/page"}],"author":[{"embeddable":true,"href":"https:\/\/lapetillante-vins.com\/index.php\/wp-json\/wp\/v2\/users\/1"}],"replies":[{"embeddable":true,"href":"https:\/\/lapetillante-vins.com\/index.php\/wp-json\/wp\/v2\/comments?post=236"}],"version-history":[{"count":13,"href":"https:\/\/lapetillante-vins.com\/index.php\/wp-json\/wp\/v2\/pages\/236\/revisions"}],"predecessor-version":[{"id":533,"href":"https:\/\/lapetillante-vins.com\/index.php\/wp-json\/wp\/v2\/pages\/236\/revisions\/533"}],"up":[{"embeddable":true,"href":"https:\/\/lapetillante-vins.com\/index.php\/wp-json\/wp\/v2\/pages\/214"}],"wp:attachment":[{"href":"https:\/\/lapetillante-vins.com\/index.php\/wp-json\/wp\/v2\/media?parent=236"}],"curies":[{"name":"wp","href":"https:\/\/api.w.org\/{rel}","templated":true}]}}